{"id":4798,"date":"2025-09-21T04:01:29","date_gmt":"2025-09-21T04:01:29","guid":{"rendered":"https:\/\/macronaturalsshop.com\/?post_type=product&#038;p=4798"},"modified":"2025-09-21T21:31:45","modified_gmt":"2025-09-21T21:31:45","slug":"crema-facial-urea-50ml","status":"publish","type":"product","link":"https:\/\/macronaturalsshop.com\/?product=crema-facial-urea-50ml","title":{"rendered":"Crema Facial Urea 50ml"},"content":{"rendered":"<p>Una de las propiedades de la urea, y quiz\u00e1 la m\u00e1s significativa, es que reduce e impide la p\u00e9rdida de agua a trav\u00e9s de la piel. Gracias a esto permite una hidrataci\u00f3n m\u00e1s efectiva, llegando a capas m\u00e1s profundas y no solamente a la epidermis.<\/p>\n","protected":false},"excerpt":{"rendered":"<p>La Urea favorece la generaci\u00f3n de col\u00e1geno y elastina, por lo que mejoraremos su flexibilidad.<\/p>\n","protected":false},"featured_media":4799,"comment_status":"open","ping_status":"closed","template":"","meta":[],"product_brand":[472],"product_cat":[408],"product_tag":[546,502,500,501,520,509,503],"class_list":{"0":"post-4798","1":"product","2":"type-product","3":"status-publish","4":"has-post-thumbnail","6":"product_brand-jhomi","7":"product_cat-cuidado-personal","8":"product_tag-colesterol","9":"product_tag-heredia","10":"product_tag-macrobiotica","11":"product_tag-natural","12":"product_tag-natural-shop","13":"product_tag-piel","14":"product_tag-san-pablo","16":"first","17":"instock","18":"shipping-taxable","19":"purchasable","20":"product-type-simple"},"jetpack_sharing_enabled":true,"_links":{"self":[{"href":"https:\/\/macronaturalsshop.com\/index.php?rest_route=\/wp\/v2\/product\/4798"}],"collection":[{"href":"https:\/\/macronaturalsshop.com\/index.php?rest_route=\/wp\/v2\/product"}],"about":[{"href":"https:\/\/macronaturalsshop.com\/index.php?rest_route=\/wp\/v2\/types\/product"}],"replies":[{"embeddable":true,"href":"https:\/\/macronaturalsshop.com\/index.php?rest_route=%2Fwp%2Fv2%2Fcomments&post=4798"}],"wp:featuredmedia":[{"embeddable":true,"href":"https:\/\/macronaturalsshop.com\/index.php?rest_route=\/wp\/v2\/media\/4799"}],"wp:attachment":[{"href":"https:\/\/macronaturalsshop.com\/index.php?rest_route=%2Fwp%2Fv2%2Fmedia&parent=4798"}],"wp:term":[{"taxonomy":"product_brand","embeddable":true,"href":"https:\/\/macronaturalsshop.com\/index.php?rest_route=%2Fwp%2Fv2%2Fproduct_brand&post=4798"},{"taxonomy":"product_cat","embeddable":true,"href":"https:\/\/macronaturalsshop.com\/index.php?rest_route=%2Fwp%2Fv2%2Fproduct_cat&post=4798"},{"taxonomy":"product_tag","embeddable":true,"href":"https:\/\/macronaturalsshop.com\/index.php?rest_route=%2Fwp%2Fv2%2Fproduct_tag&post=4798"}],"curies":[{"name":"wp","href":"https:\/\/api.w.org\/{rel}","templated":true}]}}