{"id":4802,"date":"2025-09-21T04:10:28","date_gmt":"2025-09-21T04:10:28","guid":{"rendered":"https:\/\/macronaturalsshop.com\/?post_type=product&#038;p=4802"},"modified":"2025-09-21T21:34:54","modified_gmt":"2025-09-21T21:34:54","slug":"gotas-jhongolin-28ml","status":"publish","type":"product","link":"https:\/\/macronaturalsshop.com\/?product=gotas-jhongolin-28ml","title":{"rendered":"Gotas Jhongolin 28ml"},"content":{"rendered":"<p>Jhongolin Soluci\u00f3n Gotas es producto que ayuda a eliminar los hongos en las u\u00f1as de las manos y los pies. promueve las u\u00f1as saludable tratamiento contra onicomicosis, cuidado de los pies.<\/p>\n","protected":false},"excerpt":{"rendered":"<p>Ayuda a eliminar los hongos de las u\u00f1as.<\/p>\n","protected":false},"featured_media":4803,"comment_status":"open","ping_status":"closed","template":"","meta":[],"product_brand":[472],"product_cat":[408],"product_tag":[502,500,501,520,515,503,581],"class_list":{"0":"post-4802","1":"product","2":"type-product","3":"status-publish","4":"has-post-thumbnail","6":"product_brand-jhomi","7":"product_cat-cuidado-personal","8":"product_tag-heredia","9":"product_tag-macrobiotica","10":"product_tag-natural","11":"product_tag-natural-shop","12":"product_tag-quitar-hongos","13":"product_tag-san-pablo","14":"product_tag-unas","16":"first","17":"instock","18":"shipping-taxable","19":"purchasable","20":"product-type-simple"},"jetpack_sharing_enabled":true,"_links":{"self":[{"href":"https:\/\/macronaturalsshop.com\/index.php?rest_route=\/wp\/v2\/product\/4802"}],"collection":[{"href":"https:\/\/macronaturalsshop.com\/index.php?rest_route=\/wp\/v2\/product"}],"about":[{"href":"https:\/\/macronaturalsshop.com\/index.php?rest_route=\/wp\/v2\/types\/product"}],"replies":[{"embeddable":true,"href":"https:\/\/macronaturalsshop.com\/index.php?rest_route=%2Fwp%2Fv2%2Fcomments&post=4802"}],"wp:featuredmedia":[{"embeddable":true,"href":"https:\/\/macronaturalsshop.com\/index.php?rest_route=\/wp\/v2\/media\/4803"}],"wp:attachment":[{"href":"https:\/\/macronaturalsshop.com\/index.php?rest_route=%2Fwp%2Fv2%2Fmedia&parent=4802"}],"wp:term":[{"taxonomy":"product_brand","embeddable":true,"href":"https:\/\/macronaturalsshop.com\/index.php?rest_route=%2Fwp%2Fv2%2Fproduct_brand&post=4802"},{"taxonomy":"product_cat","embeddable":true,"href":"https:\/\/macronaturalsshop.com\/index.php?rest_route=%2Fwp%2Fv2%2Fproduct_cat&post=4802"},{"taxonomy":"product_tag","embeddable":true,"href":"https:\/\/macronaturalsshop.com\/index.php?rest_route=%2Fwp%2Fv2%2Fproduct_tag&post=4802"}],"curies":[{"name":"wp","href":"https:\/\/api.w.org\/{rel}","templated":true}]}}