{"id":4805,"date":"2025-09-21T05:00:49","date_gmt":"2025-09-21T05:00:49","guid":{"rendered":"https:\/\/macronaturalsshop.com\/?post_type=product&#038;p=4805"},"modified":"2025-09-21T21:39:15","modified_gmt":"2025-09-21T21:39:15","slug":"gotas-para-el-cabello-argan-30ml","status":"publish","type":"product","link":"https:\/\/macronaturalsshop.com\/?product=gotas-para-el-cabello-argan-30ml","title":{"rendered":"Gotas de Argan para el Cabello 30ml"},"content":{"rendered":"<p>El aceite de Argan se absorbe de manera natural llegando hasta la cut\u00edcula del cabello para proporcionarle protecci\u00f3n contra los procesos qu\u00edmicos, el calor de las herramientas de estilizado y las agresiones del medio ambiente, favoreciendo el brillo y suavidad sin dejar residuos.<\/p>\n<p>Reduce el frizz y las puntas abiertas, recomendado para cualquier tipo de cabello.<\/p>\n","protected":false},"excerpt":{"rendered":"<p>favorece el brillo y suavidad sin dejar residuos.<br \/>\nReduce el frizz y las puntas abiertas, recomendado para cualquier tipo de cabello.<\/p>\n","protected":false},"featured_media":5575,"comment_status":"open","ping_status":"closed","template":"","meta":[],"product_brand":[472],"product_cat":[408],"product_tag":[582,502,500,501,520,503],"class_list":{"0":"post-4805","1":"product","2":"type-product","3":"status-publish","4":"has-post-thumbnail","6":"product_brand-jhomi","7":"product_cat-cuidado-personal","8":"product_tag-cabello","9":"product_tag-heredia","10":"product_tag-macrobiotica","11":"product_tag-natural","12":"product_tag-natural-shop","13":"product_tag-san-pablo","15":"first","16":"instock","17":"shipping-taxable","18":"purchasable","19":"product-type-simple"},"jetpack_sharing_enabled":true,"_links":{"self":[{"href":"https:\/\/macronaturalsshop.com\/index.php?rest_route=\/wp\/v2\/product\/4805"}],"collection":[{"href":"https:\/\/macronaturalsshop.com\/index.php?rest_route=\/wp\/v2\/product"}],"about":[{"href":"https:\/\/macronaturalsshop.com\/index.php?rest_route=\/wp\/v2\/types\/product"}],"replies":[{"embeddable":true,"href":"https:\/\/macronaturalsshop.com\/index.php?rest_route=%2Fwp%2Fv2%2Fcomments&post=4805"}],"wp:featuredmedia":[{"embeddable":true,"href":"https:\/\/macronaturalsshop.com\/index.php?rest_route=\/wp\/v2\/media\/5575"}],"wp:attachment":[{"href":"https:\/\/macronaturalsshop.com\/index.php?rest_route=%2Fwp%2Fv2%2Fmedia&parent=4805"}],"wp:term":[{"taxonomy":"product_brand","embeddable":true,"href":"https:\/\/macronaturalsshop.com\/index.php?rest_route=%2Fwp%2Fv2%2Fproduct_brand&post=4805"},{"taxonomy":"product_cat","embeddable":true,"href":"https:\/\/macronaturalsshop.com\/index.php?rest_route=%2Fwp%2Fv2%2Fproduct_cat&post=4805"},{"taxonomy":"product_tag","embeddable":true,"href":"https:\/\/macronaturalsshop.com\/index.php?rest_route=%2Fwp%2Fv2%2Fproduct_tag&post=4805"}],"curies":[{"name":"wp","href":"https:\/\/api.w.org\/{rel}","templated":true}]}}