{"id":4815,"date":"2025-09-21T06:20:53","date_gmt":"2025-09-21T06:20:53","guid":{"rendered":"https:\/\/macronaturalsshop.com\/?post_type=product&#038;p=4815"},"modified":"2025-09-22T00:00:46","modified_gmt":"2025-09-22T00:00:46","slug":"proteina-de-soya-sabor-vainilla-500g","status":"publish","type":"product","link":"https:\/\/macronaturalsshop.com\/?product=proteina-de-soya-sabor-vainilla-500g","title":{"rendered":"Prote\u00edna Aislada de Soya Sabor Vainilla 500g"},"content":{"rendered":"<p>La prote\u00edna de soya es una prote\u00edna de alta calidad que puede utilizarse eficazmente para el mantenimiento, restauraci\u00f3n y s\u00edntesis de prote\u00ednas de los m\u00fasculos esquel\u00e9ticos en respuesta a entrenamiento.<\/p>\n","protected":false},"excerpt":{"rendered":"<p>Bebida para aumentar masa muscular.<\/p>\n<p>Extremadamente deliciosa y nutritiva.<\/p>\n","protected":false},"featured_media":5583,"comment_status":"open","ping_status":"closed","template":"","meta":[],"product_brand":[472],"product_cat":[385],"product_tag":[566,502,500,501,520,503],"class_list":{"0":"post-4815","1":"product","2":"type-product","3":"status-publish","4":"has-post-thumbnail","6":"product_brand-jhomi","7":"product_cat-deporte","8":"product_tag-deporte","9":"product_tag-heredia","10":"product_tag-macrobiotica","11":"product_tag-natural","12":"product_tag-natural-shop","13":"product_tag-san-pablo","15":"first","16":"instock","17":"shipping-taxable","18":"purchasable","19":"product-type-simple"},"jetpack_sharing_enabled":true,"_links":{"self":[{"href":"https:\/\/macronaturalsshop.com\/index.php?rest_route=\/wp\/v2\/product\/4815"}],"collection":[{"href":"https:\/\/macronaturalsshop.com\/index.php?rest_route=\/wp\/v2\/product"}],"about":[{"href":"https:\/\/macronaturalsshop.com\/index.php?rest_route=\/wp\/v2\/types\/product"}],"replies":[{"embeddable":true,"href":"https:\/\/macronaturalsshop.com\/index.php?rest_route=%2Fwp%2Fv2%2Fcomments&post=4815"}],"wp:featuredmedia":[{"embeddable":true,"href":"https:\/\/macronaturalsshop.com\/index.php?rest_route=\/wp\/v2\/media\/5583"}],"wp:attachment":[{"href":"https:\/\/macronaturalsshop.com\/index.php?rest_route=%2Fwp%2Fv2%2Fmedia&parent=4815"}],"wp:term":[{"taxonomy":"product_brand","embeddable":true,"href":"https:\/\/macronaturalsshop.com\/index.php?rest_route=%2Fwp%2Fv2%2Fproduct_brand&post=4815"},{"taxonomy":"product_cat","embeddable":true,"href":"https:\/\/macronaturalsshop.com\/index.php?rest_route=%2Fwp%2Fv2%2Fproduct_cat&post=4815"},{"taxonomy":"product_tag","embeddable":true,"href":"https:\/\/macronaturalsshop.com\/index.php?rest_route=%2Fwp%2Fv2%2Fproduct_tag&post=4815"}],"curies":[{"name":"wp","href":"https:\/\/api.w.org\/{rel}","templated":true}]}}