{"id":4853,"date":"2025-08-29T01:10:59","date_gmt":"2025-08-29T01:10:59","guid":{"rendered":"https:\/\/macronaturalsshop.com\/?post_type=product&#038;p=4853"},"modified":"2025-08-29T14:54:01","modified_gmt":"2025-08-29T14:54:01","slug":"corteza-de-naranjo-agrio-60-capsulas","status":"publish","type":"product","link":"https:\/\/macronaturalsshop.com\/?product=corteza-de-naranjo-agrio-60-capsulas","title":{"rendered":"Corteza de Naranjo 60 c\u00e1ps"},"content":{"rendered":"<p>Mejorar la salud digestiva por su contenido de fibra, reducir el colesterol y la presi\u00f3n arterial gracias a los flavonoides, fortalecer el sistema inmunol\u00f3gico por su aporte de vitamina C y mejorar la salud de la piel por sus propiedades antioxidantes.<\/p>\n","protected":false},"excerpt":{"rendered":"<p>Mejorar la salud digestiva por su contenido de fibra, reducir el colesterol y la presi\u00f3n arterial gracias a los flavonoides, fortalecer el sistema inmunol\u00f3gico por su aporte de vitamina C y mejorar la salud de la piel por sus propiedades antioxidantes.<\/p>\n","protected":false},"featured_media":4854,"comment_status":"open","ping_status":"closed","template":"","meta":[],"product_brand":[474],"product_cat":[379],"product_tag":[546,502,500,501,520,503],"class_list":{"0":"post-4853","1":"product","2":"type-product","3":"status-publish","4":"has-post-thumbnail","6":"product_brand-la-fuente","7":"product_cat-sistema-inmunologico","8":"product_tag-colesterol","9":"product_tag-heredia","10":"product_tag-macrobiotica","11":"product_tag-natural","12":"product_tag-natural-shop","13":"product_tag-san-pablo","15":"first","16":"instock","17":"shipping-taxable","18":"purchasable","19":"product-type-simple"},"jetpack_sharing_enabled":true,"_links":{"self":[{"href":"https:\/\/macronaturalsshop.com\/index.php?rest_route=\/wp\/v2\/product\/4853"}],"collection":[{"href":"https:\/\/macronaturalsshop.com\/index.php?rest_route=\/wp\/v2\/product"}],"about":[{"href":"https:\/\/macronaturalsshop.com\/index.php?rest_route=\/wp\/v2\/types\/product"}],"replies":[{"embeddable":true,"href":"https:\/\/macronaturalsshop.com\/index.php?rest_route=%2Fwp%2Fv2%2Fcomments&post=4853"}],"wp:featuredmedia":[{"embeddable":true,"href":"https:\/\/macronaturalsshop.com\/index.php?rest_route=\/wp\/v2\/media\/4854"}],"wp:attachment":[{"href":"https:\/\/macronaturalsshop.com\/index.php?rest_route=%2Fwp%2Fv2%2Fmedia&parent=4853"}],"wp:term":[{"taxonomy":"product_brand","embeddable":true,"href":"https:\/\/macronaturalsshop.com\/index.php?rest_route=%2Fwp%2Fv2%2Fproduct_brand&post=4853"},{"taxonomy":"product_cat","embeddable":true,"href":"https:\/\/macronaturalsshop.com\/index.php?rest_route=%2Fwp%2Fv2%2Fproduct_cat&post=4853"},{"taxonomy":"product_tag","embeddable":true,"href":"https:\/\/macronaturalsshop.com\/index.php?rest_route=%2Fwp%2Fv2%2Fproduct_tag&post=4853"}],"curies":[{"name":"wp","href":"https:\/\/api.w.org\/{rel}","templated":true}]}}