{"id":4861,"date":"2025-08-29T01:30:25","date_gmt":"2025-08-29T01:30:25","guid":{"rendered":"https:\/\/macronaturalsshop.com\/?post_type=product&#038;p=4861"},"modified":"2025-08-29T16:03:46","modified_gmt":"2025-08-29T16:03:46","slug":"glicemix-120-caps","status":"publish","type":"product","link":"https:\/\/macronaturalsshop.com\/?product=glicemix-120-caps","title":{"rendered":"Glicemix 120 c\u00e1ps"},"content":{"rendered":"<p><strong>La Canela: M\u00e1s Que Un Aroma<\/strong><\/p>\n<p>La canela, conocida y apreciada por su aroma y sabor distintivos, oculta en su interior propiedades medicinales que la humanidad ha aprovechado durante milenios. Entre sus beneficios, destaca su capacidad para mejorar la sensibilidad a la insulina y, consecuentemente, contribuir al control de los niveles de glucosa en sangre. Estudios cient\u00edficos sugieren que los compuestos bioactivos presentes en la canela pueden imitar la acci\u00f3n de la insulina en el cuerpo y aumentar la captaci\u00f3n de glucosa por las c\u00e9lulas, reduciendo as\u00ed los niveles de az\u00facar en la sangre postprandial (despu\u00e9s de las comidas).<\/p>\n<p><strong>El Fenogreco: Un Aliado Tradicional<\/strong><\/p>\n<p>Por otro lado, el fenogreco, una planta con un largo historial de uso en la medicina tradicional, complementa a la perfecci\u00f3n los efectos de la canela. Esta hierba no solo es valorada por sus cualidades culinarias sino tambi\u00e9n por sus beneficios en el manejo de la diabetes. El fenogreco contiene fibra soluble y otros compuestos que pueden ayudar a retardar la absorci\u00f3n de carbohidratos y az\u00facares en el intestino, contribuyendo as\u00ed a un mejor control de la glucosa en sangre. Adem\u00e1s, se ha observado que puede mejorar la secreci\u00f3n de insulina, potenciando un efecto regulador sobre los niveles de az\u00facar.<\/p>\n<p>&nbsp;<\/p>\n<p><strong>Glicemix: Un Compromiso con la Salud Integral<\/strong><\/p>\n<p>Glicemix no solo representa una alternativa natural para el control de la glucosa sino tambi\u00e9n un compromiso con el bienestar integral. Al combinar las propiedades de la canela y el fenogreco en una c\u00e1psula, se ofrece un enfoque hol\u00edstico y conveniente para el manejo de la glucemia. Este suplemento es el resultado de extensas investigaciones que buscan optimizar las dosis y las formas de estos ingredientes para maximizar su efectividad y asegurar su beneficio en el control de la diabetes y la prevenci\u00f3n de sus complicaciones a largo plazo.<\/p>\n","protected":false},"excerpt":{"rendered":"<p><strong>Glicemix<\/strong>\u00a0emerge como una opci\u00f3n prometedora. Compuesto por la sinergia de dos poderosos ingredientes:\u00a0<strong>la canela y el fenogreco<\/strong>, este suplemento est\u00e1 dise\u00f1ado para aquellos que buscan un control gluc\u00e9mico a trav\u00e9s de m\u00e9todos naturales.<\/p>\n","protected":false},"featured_media":5237,"comment_status":"open","ping_status":"closed","template":"","meta":[],"product_brand":[474],"product_cat":[448,398],"product_tag":[605,502,500,501,520,503,568],"class_list":{"0":"post-4861","1":"product","2":"type-product","3":"status-publish","4":"has-post-thumbnail","6":"product_brand-la-fuente","7":"product_cat-circulacion","8":"product_cat-vit-y-min","9":"product_tag-azucar-en-la-sangre","10":"product_tag-heredia","11":"product_tag-macrobiotica","12":"product_tag-natural","13":"product_tag-natural-shop","14":"product_tag-san-pablo","15":"product_tag-vitaminas","17":"first","18":"instock","19":"shipping-taxable","20":"purchasable","21":"product-type-simple"},"jetpack_sharing_enabled":true,"_links":{"self":[{"href":"https:\/\/macronaturalsshop.com\/index.php?rest_route=\/wp\/v2\/product\/4861"}],"collection":[{"href":"https:\/\/macronaturalsshop.com\/index.php?rest_route=\/wp\/v2\/product"}],"about":[{"href":"https:\/\/macronaturalsshop.com\/index.php?rest_route=\/wp\/v2\/types\/product"}],"replies":[{"embeddable":true,"href":"https:\/\/macronaturalsshop.com\/index.php?rest_route=%2Fwp%2Fv2%2Fcomments&post=4861"}],"wp:featuredmedia":[{"embeddable":true,"href":"https:\/\/macronaturalsshop.com\/index.php?rest_route=\/wp\/v2\/media\/5237"}],"wp:attachment":[{"href":"https:\/\/macronaturalsshop.com\/index.php?rest_route=%2Fwp%2Fv2%2Fmedia&parent=4861"}],"wp:term":[{"taxonomy":"product_brand","embeddable":true,"href":"https:\/\/macronaturalsshop.com\/index.php?rest_route=%2Fwp%2Fv2%2Fproduct_brand&post=4861"},{"taxonomy":"product_cat","embeddable":true,"href":"https:\/\/macronaturalsshop.com\/index.php?rest_route=%2Fwp%2Fv2%2Fproduct_cat&post=4861"},{"taxonomy":"product_tag","embeddable":true,"href":"https:\/\/macronaturalsshop.com\/index.php?rest_route=%2Fwp%2Fv2%2Fproduct_tag&post=4861"}],"curies":[{"name":"wp","href":"https:\/\/api.w.org\/{rel}","templated":true}]}}