{"id":4881,"date":"2025-08-29T02:05:18","date_gmt":"2025-08-29T02:05:18","guid":{"rendered":"https:\/\/macronaturalsshop.com\/?post_type=product&#038;p=4881"},"modified":"2025-08-29T21:16:07","modified_gmt":"2025-08-29T21:16:07","slug":"multivitaminico-biotina-60-cap","status":"publish","type":"product","link":"https:\/\/macronaturalsshop.com\/?product=multivitaminico-biotina-60-cap","title":{"rendered":"Multivitam\u00ednico Biotina"},"content":{"rendered":"<h4 class=\"wp-block-heading\"><strong>Usos y Beneficios de la Biotina<\/strong><\/h4>\n<h5 class=\"wp-block-heading\"><strong>1. Fortalecimiento y Crecimiento del Cabello<\/strong><\/h5>\n<p>Uno de los usos m\u00e1s conocidos de la biotina es su capacidad para fortalecer el cabello y estimular su crecimiento. Varios estudios han demostrado que la deficiencia de biotina puede estar relacionada con la ca\u00edda del cabello, lo que ha llevado a su uso en el tratamiento de la alopecia. Adem\u00e1s, contribuye a mejorar la densidad y el grosor del cabello, haci\u00e9ndolo m\u00e1s resistente.<\/p>\n<h5 class=\"wp-block-heading\"><strong>2. Mejora de la Salud de las U\u00f1as<\/strong><\/h5>\n<p>Las u\u00f1as fr\u00e1giles y quebradizas pueden ser un signo de deficiencia de biotina. Estudios cl\u00ednicos han revelado que la suplementaci\u00f3n con esta vitamina mejora la firmeza y reduce la fragilidad de las u\u00f1as, promoviendo un crecimiento m\u00e1s fuerte y saludable.<\/p>\n<h5 class=\"wp-block-heading\"><strong>3. Piel M\u00e1s Sana y Resistente<\/strong><\/h5>\n<p>La biotina es esencial para mantener la salud de la piel. Su papel en la producci\u00f3n de \u00e1cidos grasos ayuda a mantener una barrera cut\u00e1nea saludable, protegi\u00e9ndola de la sequedad y la irritaci\u00f3n. Adem\u00e1s, contribuye a la regeneraci\u00f3n celular, favoreciendo una piel m\u00e1s el\u00e1stica y radiante.<\/p>\n<h5 class=\"wp-block-heading\"><strong>4. Apoyo al Sistema Inmunol\u00f3gico<\/strong><\/h5>\n<p>Si bien su impacto en la est\u00e9tica es ampliamente conocido, la biotina tambi\u00e9n juega un papel importante en la funci\u00f3n inmunol\u00f3gica. Favorece la producci\u00f3n de c\u00e9lulas del sistema inmune y ayuda a reforzar las defensas naturales del organismo.<\/p>\n","protected":false},"excerpt":{"rendered":"<p>La biotina es una vitamina del complejo B, soluble en agua, que juega un papel crucial en el metabolismo de grasas, prote\u00ednas y carbohidratos. Su participaci\u00f3n en la producci\u00f3n de queratina, la prote\u00edna estructural del cabello, la piel y las u\u00f1as, la convierte en un aliado esencial para fortalecer estos tejidos.<\/p>\n","protected":false},"featured_media":5247,"comment_status":"open","ping_status":"closed","template":"","meta":[],"product_brand":[474],"product_cat":[408,379],"product_tag":[582,502,500,501,520,509,503,581],"class_list":{"0":"post-4881","1":"product","2":"type-product","3":"status-publish","4":"has-post-thumbnail","6":"product_brand-la-fuente","7":"product_cat-cuidado-personal","8":"product_cat-sistema-inmunologico","9":"product_tag-cabello","10":"product_tag-heredia","11":"product_tag-macrobiotica","12":"product_tag-natural","13":"product_tag-natural-shop","14":"product_tag-piel","15":"product_tag-san-pablo","16":"product_tag-unas","18":"first","19":"instock","20":"shipping-taxable","21":"purchasable","22":"product-type-simple"},"jetpack_sharing_enabled":true,"_links":{"self":[{"href":"https:\/\/macronaturalsshop.com\/index.php?rest_route=\/wp\/v2\/product\/4881"}],"collection":[{"href":"https:\/\/macronaturalsshop.com\/index.php?rest_route=\/wp\/v2\/product"}],"about":[{"href":"https:\/\/macronaturalsshop.com\/index.php?rest_route=\/wp\/v2\/types\/product"}],"replies":[{"embeddable":true,"href":"https:\/\/macronaturalsshop.com\/index.php?rest_route=%2Fwp%2Fv2%2Fcomments&post=4881"}],"wp:featuredmedia":[{"embeddable":true,"href":"https:\/\/macronaturalsshop.com\/index.php?rest_route=\/wp\/v2\/media\/5247"}],"wp:attachment":[{"href":"https:\/\/macronaturalsshop.com\/index.php?rest_route=%2Fwp%2Fv2%2Fmedia&parent=4881"}],"wp:term":[{"taxonomy":"product_brand","embeddable":true,"href":"https:\/\/macronaturalsshop.com\/index.php?rest_route=%2Fwp%2Fv2%2Fproduct_brand&post=4881"},{"taxonomy":"product_cat","embeddable":true,"href":"https:\/\/macronaturalsshop.com\/index.php?rest_route=%2Fwp%2Fv2%2Fproduct_cat&post=4881"},{"taxonomy":"product_tag","embeddable":true,"href":"https:\/\/macronaturalsshop.com\/index.php?rest_route=%2Fwp%2Fv2%2Fproduct_tag&post=4881"}],"curies":[{"name":"wp","href":"https:\/\/api.w.org\/{rel}","templated":true}]}}