{"id":4927,"date":"2025-08-06T01:40:51","date_gmt":"2025-08-06T01:40:51","guid":{"rendered":"https:\/\/macronaturalsshop.com\/?post_type=product&#038;p=4927"},"modified":"2025-08-06T12:43:04","modified_gmt":"2025-08-06T12:43:04","slug":"multiwoman-multivitaminico","status":"publish","type":"product","link":"https:\/\/macronaturalsshop.com\/?product=multiwoman-multivitaminico","title":{"rendered":"MultiWoman Multivitam\u00ednico"},"content":{"rendered":"<p>F\u00f3rmula especial que contiene en una sola dosis, todas las vitaminas, minerales esenciales, amino\u00e1cidos, enzimas y antioxidantes, para el normal funcionamiento del cuerpo de la mujer, as\u00ed como una mezcla de productos herbales espec\u00edficos para el sistema reproductor femenino, \u00e1cidos grasos para regular el colesterol, fortalecer el sistema inmunol\u00f3gico y proporciona la energ\u00eda y resistencia necesaria que el cuerpo requiere para sus funciones diarias.<\/p>\n","protected":false},"excerpt":{"rendered":"<p>Multivitam\u00ednico especialmente para la mujer. Contiene todas las vitaminas, minerales esenciales, amino\u00e1cidos, enzimas y antioxidantes, para el normal funcionamiento del cuerpo de la mujer.<\/p>\n","protected":false},"featured_media":4926,"comment_status":"open","ping_status":"closed","template":"","meta":[],"product_brand":[454],"product_cat":[398],"product_tag":[502,500,567,545,501,520,503],"class_list":{"0":"post-4927","1":"product","2":"type-product","3":"status-publish","4":"has-post-thumbnail","6":"product_brand-alfa","7":"product_cat-vit-y-min","8":"product_tag-heredia","9":"product_tag-macrobiotica","10":"product_tag-mujer","11":"product_tag-multivitaminico","12":"product_tag-natural","13":"product_tag-natural-shop","14":"product_tag-san-pablo","16":"first","17":"instock","18":"shipping-taxable","19":"purchasable","20":"product-type-simple"},"jetpack_sharing_enabled":true,"_links":{"self":[{"href":"https:\/\/macronaturalsshop.com\/index.php?rest_route=\/wp\/v2\/product\/4927"}],"collection":[{"href":"https:\/\/macronaturalsshop.com\/index.php?rest_route=\/wp\/v2\/product"}],"about":[{"href":"https:\/\/macronaturalsshop.com\/index.php?rest_route=\/wp\/v2\/types\/product"}],"replies":[{"embeddable":true,"href":"https:\/\/macronaturalsshop.com\/index.php?rest_route=%2Fwp%2Fv2%2Fcomments&post=4927"}],"wp:featuredmedia":[{"embeddable":true,"href":"https:\/\/macronaturalsshop.com\/index.php?rest_route=\/wp\/v2\/media\/4926"}],"wp:attachment":[{"href":"https:\/\/macronaturalsshop.com\/index.php?rest_route=%2Fwp%2Fv2%2Fmedia&parent=4927"}],"wp:term":[{"taxonomy":"product_brand","embeddable":true,"href":"https:\/\/macronaturalsshop.com\/index.php?rest_route=%2Fwp%2Fv2%2Fproduct_brand&post=4927"},{"taxonomy":"product_cat","embeddable":true,"href":"https:\/\/macronaturalsshop.com\/index.php?rest_route=%2Fwp%2Fv2%2Fproduct_cat&post=4927"},{"taxonomy":"product_tag","embeddable":true,"href":"https:\/\/macronaturalsshop.com\/index.php?rest_route=%2Fwp%2Fv2%2Fproduct_tag&post=4927"}],"curies":[{"name":"wp","href":"https:\/\/api.w.org\/{rel}","templated":true}]}}