{"id":5588,"date":"2025-09-21T09:00:22","date_gmt":"2025-09-21T09:00:22","guid":{"rendered":"https:\/\/macronaturalsshop.com\/?post_type=product&#038;p=5588"},"modified":"2025-09-22T01:57:48","modified_gmt":"2025-09-22T01:57:48","slug":"5-htp-200mg","status":"publish","type":"product","link":"https:\/\/macronaturalsshop.com\/?product=5-htp-200mg","title":{"rendered":"5-HTP 200mg"},"content":{"rendered":"<p>Los suplementos alimenticios de 5-HTP ayudan a elevar los niveles de serotonina en el cerebro. Dado que la serotonina ayuda a regular el estado de \u00e1nimo y el comportamiento, el 5-HTP puede tener un efecto positivo sobre el sue\u00f1o, el estado de \u00e1nimo, la ansiedad, el apetito y la sensaci\u00f3n de dolor.<\/p>\n<ul>\n<li>Aumenta los niveles de serotonina<\/li>\n<li>Promueve un estado de \u00e1nimo m\u00e1s positivo<\/li>\n<li>Promueve un mejor sue\u00f1o<\/li>\n<li>Contiene Glicina, Taurina e Inositol<\/li>\n<\/ul>\n<p>Esta f\u00f3rmula contiene:<\/p>\n<ul>\n<li>Niacina:\u00a0 act\u00faa como un ant\u00eddoto contra la adrenalina, que es sobre producida por personas que padecen ansiedad.<\/li>\n<li>Vitamina B-6: ayuda al cuerpo a producir las hormonas serotonina (que regula el estado de \u00e1nimo) y norepinefrina (que ayuda al cuerpo a lidiar con el estr\u00e9s); tambi\u00e9n ayuda al cuerpo a producir melatonina.<\/li>\n<li>Glicina: este amino\u00e1cido ayuda a regular los impulsos nerviosos en todo el cuerpo y es beneficiosa para apoyar el rendimiento cognitivo y el sistema nervioso central<\/li>\n<li>Taurina: es un amino\u00e1cido que ayuda a controlar y calmar el sistema nervioso central.<\/li>\n<li>Inositol: tiene una acci\u00f3n importante en cuanto a la funci\u00f3n de los neurotransmisores acetilcolina (ayuda a mantener la memoria) y serotonina (act\u00faa en cuanto a estado de \u00e1nimo, memoria y concentraci\u00f3n).<\/li>\n<\/ul>\n","protected":false},"excerpt":{"rendered":"<p>El 5-hidroxitript\u00f3fano (5-HTP) es una sustancia qu\u00edmica que el cuerpo produce a partir del tript\u00f3fano (un amino\u00e1cido esencial que se obtiene de los alimentos). Despu\u00e9s de que el tript\u00f3fano se convierte en 5-HTP.<\/p>\n","protected":false},"featured_media":5589,"comment_status":"open","ping_status":"closed","template":"","meta":[],"product_brand":[491],"product_cat":[407,404],"product_tag":[502,500,501,520,503,574],"class_list":{"0":"post-5588","1":"product","2":"type-product","3":"status-publish","4":"has-post-thumbnail","6":"product_brand-sempiterno","7":"product_cat-sueno","8":"product_cat-ansiedad-y-estres","9":"product_tag-heredia","10":"product_tag-macrobiotica","11":"product_tag-natural","12":"product_tag-natural-shop","13":"product_tag-san-pablo","14":"product_tag-sueno","16":"first","17":"instock","18":"shipping-taxable","19":"purchasable","20":"product-type-simple"},"jetpack_sharing_enabled":true,"_links":{"self":[{"href":"https:\/\/macronaturalsshop.com\/index.php?rest_route=\/wp\/v2\/product\/5588"}],"collection":[{"href":"https:\/\/macronaturalsshop.com\/index.php?rest_route=\/wp\/v2\/product"}],"about":[{"href":"https:\/\/macronaturalsshop.com\/index.php?rest_route=\/wp\/v2\/types\/product"}],"replies":[{"embeddable":true,"href":"https:\/\/macronaturalsshop.com\/index.php?rest_route=%2Fwp%2Fv2%2Fcomments&post=5588"}],"wp:featuredmedia":[{"embeddable":true,"href":"https:\/\/macronaturalsshop.com\/index.php?rest_route=\/wp\/v2\/media\/5589"}],"wp:attachment":[{"href":"https:\/\/macronaturalsshop.com\/index.php?rest_route=%2Fwp%2Fv2%2Fmedia&parent=5588"}],"wp:term":[{"taxonomy":"product_brand","embeddable":true,"href":"https:\/\/macronaturalsshop.com\/index.php?rest_route=%2Fwp%2Fv2%2Fproduct_brand&post=5588"},{"taxonomy":"product_cat","embeddable":true,"href":"https:\/\/macronaturalsshop.com\/index.php?rest_route=%2Fwp%2Fv2%2Fproduct_cat&post=5588"},{"taxonomy":"product_tag","embeddable":true,"href":"https:\/\/macronaturalsshop.com\/index.php?rest_route=%2Fwp%2Fv2%2Fproduct_tag&post=5588"}],"curies":[{"name":"wp","href":"https:\/\/api.w.org\/{rel}","templated":true}]}}