{"id":5593,"date":"2025-09-21T09:00:33","date_gmt":"2025-09-21T09:00:33","guid":{"rendered":"https:\/\/macronaturalsshop.com\/?post_type=product&#038;p=5593"},"modified":"2025-09-22T02:10:40","modified_gmt":"2025-09-22T02:10:40","slug":"pea-protein-chocolate-907g","status":"publish","type":"product","link":"https:\/\/macronaturalsshop.com\/?product=pea-protein-chocolate-907g","title":{"rendered":"PEA Protein Chocolate 907g"},"content":{"rendered":"<p>Colectivamente, esto hace que la prote\u00edna de guisantes sea una fuente ideal de nutrici\u00f3n post-entrenamiento para atletas que puedan tener dificultades para suplementar con otros tipos de prote\u00ednas.\u00a0\u00a0NOW Sports Pea Protein es un aislado de prote\u00edna vegetal, sin organismos modificados gen\u00e9ticamente, que tiene 24 gramos de prote\u00edna de f\u00e1cil digesti\u00f3n. Cada porci\u00f3n de 1 cucharadita contiene m\u00e1s de 4,200 mg de amino\u00e1cidos de cadena ramificada (BCAAs) y m\u00e1s de 2,000 mg de arginina.\u00a0\u00a0NOW Sports Pea Protein tiene una textura suave y se mezcla f\u00e1cilmente en tus bebidas favoritas.<\/p>\n<p>&nbsp;<\/p>\n<p>NOW Sports Pea Protein cuenta con las siguientes certificaciones:<\/p>\n<p><strong>Informed-Sport<\/strong><strong>\u00a0<\/strong>es un programa global de garant\u00eda de calidad para suplementos, gestionado por LGC, un laboratorio brit\u00e1nico de referencia en an\u00e1lisis antidopaje.<br \/>\nCuando un suplemento tiene el sello Informed-Sport, significa que:<\/p>\n<ul>\n<li>Ha sido probado rigurosamente para detectar sustancias prohibidas por la WADA (Agencia Mundial Antidopaje).<\/li>\n<li>Cada lote de producci\u00f3n ha sido analizado individualmente.<\/li>\n<li>El fabricante sigue buenas pr\u00e1cticas de manufactura.<\/li>\n<li>El producto est\u00e1 registrado en la base de datos de Informed-Sport, lo que permite verificar su estado en l\u00ednea.<\/li>\n<li>Ideal para: atletas profesionales, ol\u00edmpicos o cualquier persona sujeta a controles antidopaje.<\/li>\n<\/ul>\n<p><strong>Steroid Tested.<\/strong>\u00a0Esta etiqueta indica que el suplemento ha sido analizado espec\u00edficamente para detectar esteroides anab\u00f3licos u otras sustancias dopantes.<\/p>\n<p>NOW\u00ae est\u00e1 certificada a trav\u00e9s del programa Safe Quality Food (SQF), un riguroso y confiable programa de seguridad y calidad alimentaria reconocido por minoristas, propietarios de marcas y proveedores de servicios de alimentos en todo el mundo. Aprobado por la Iniciativa Global de Seguridad Alimentaria (GFSI), SQF es el \u00fanico programa reconocido por la GFSI que ofrece certificaci\u00f3n desde la granja hasta la mesa.<\/p>\n<p>&nbsp;<\/p>\n<p>NOW\u00ae nunca utiliza aspartame, sucralosa ni acesulfame de potasio. El sello \u201cSin Aspartame, Sin Sucralosa, Sin Acesulfame-K\u201d en estos productos NOW\u00ae Sports es su garant\u00eda de que han sido elaborados sin el uso de estos edulcorantes sint\u00e9ticos. En NOW\u00ae preferimos usar productos puros cuando est\u00e1n disponibles y formulaciones con fruta del monje org\u00e1nica, stevia, xilitol u otros edulcorantes inspirados en la naturaleza cuando sea necesario.<\/p>\n","protected":false},"excerpt":{"rendered":"<p>Los guisantes son conocidos por ser una fuente de prote\u00edna altamente biodisponible.\u00a0\u00a0Adem\u00e1s, los guisantes no se consideran uno de los principales al\u00e9rgenos diet\u00e9ticos.<\/p>\n","protected":false},"featured_media":5594,"comment_status":"open","ping_status":"closed","template":"","meta":[],"product_brand":[491],"product_cat":[385],"product_tag":[566,502,500,501,520,555,503],"class_list":{"0":"post-5593","1":"product","2":"type-product","3":"status-publish","4":"has-post-thumbnail","6":"product_brand-sempiterno","7":"product_cat-deporte","8":"product_tag-deporte","9":"product_tag-heredia","10":"product_tag-macrobiotica","11":"product_tag-natural","12":"product_tag-natural-shop","13":"product_tag-proteinas","14":"product_tag-san-pablo","16":"first","17":"instock","18":"shipping-taxable","19":"purchasable","20":"product-type-simple"},"jetpack_sharing_enabled":true,"_links":{"self":[{"href":"https:\/\/macronaturalsshop.com\/index.php?rest_route=\/wp\/v2\/product\/5593"}],"collection":[{"href":"https:\/\/macronaturalsshop.com\/index.php?rest_route=\/wp\/v2\/product"}],"about":[{"href":"https:\/\/macronaturalsshop.com\/index.php?rest_route=\/wp\/v2\/types\/product"}],"replies":[{"embeddable":true,"href":"https:\/\/macronaturalsshop.com\/index.php?rest_route=%2Fwp%2Fv2%2Fcomments&post=5593"}],"wp:featuredmedia":[{"embeddable":true,"href":"https:\/\/macronaturalsshop.com\/index.php?rest_route=\/wp\/v2\/media\/5594"}],"wp:attachment":[{"href":"https:\/\/macronaturalsshop.com\/index.php?rest_route=%2Fwp%2Fv2%2Fmedia&parent=5593"}],"wp:term":[{"taxonomy":"product_brand","embeddable":true,"href":"https:\/\/macronaturalsshop.com\/index.php?rest_route=%2Fwp%2Fv2%2Fproduct_brand&post=5593"},{"taxonomy":"product_cat","embeddable":true,"href":"https:\/\/macronaturalsshop.com\/index.php?rest_route=%2Fwp%2Fv2%2Fproduct_cat&post=5593"},{"taxonomy":"product_tag","embeddable":true,"href":"https:\/\/macronaturalsshop.com\/index.php?rest_route=%2Fwp%2Fv2%2Fproduct_tag&post=5593"}],"curies":[{"name":"wp","href":"https:\/\/api.w.org\/{rel}","templated":true}]}}