{"id":5597,"date":"2025-09-21T09:01:14","date_gmt":"2025-09-21T09:01:14","guid":{"rendered":"https:\/\/macronaturalsshop.com\/?post_type=product&#038;p=5597"},"modified":"2025-09-22T02:20:21","modified_gmt":"2025-09-22T02:20:21","slug":"beta-alanine-750mg-120caps","status":"publish","type":"product","link":"https:\/\/macronaturalsshop.com\/?product=beta-alanine-750mg-120caps","title":{"rendered":"Beta Alanine 750mg 120caps"},"content":{"rendered":"<p>La carnosina es un dip\u00e9ptido (beta-alanina m\u00e1s histidina) que funciona como un amortiguador para los iones de hidr\u00f3geno (\u00e1cido) producidos durante el ejercicio intenso, ayudando as\u00ed a mantener un pH muscular \u00f3ptimo.\u00a0 NOW Sports utiliza CarnoSyn\u00ae, una forma patentada de beta-alanina que ha sido probada cl\u00ednicamente y ha demostrado aumentar el contenido de carnosina muscular, permitiendo que los m\u00fasculos trabajen m\u00e1s duro y m\u00e1s tiempo durante ejercicio intenso.<\/p>\n<p>NOW Sports Beta-Alanine est\u00e1 respaldado por investigaciones cient\u00edficas que demuestran que la suplementaci\u00f3n con CarnoSyn\u00ae\u00a0ayuda a retrasar la fatiga muscular y a acelerar el tiempo de recuperaci\u00f3n, lo que contribuye a alcanzar sus objetivos de entrenamiento de fuerza y resistencia.<\/p>\n<p>&nbsp;<\/p>\n<p>Beta-Alanina de NOW\u00a0cuenta con las siguientes certificaciones:<\/p>\n<p><strong>CarnoSyn\u00ae Verified<\/strong><strong>\u00a0<\/strong>garantiza a los clientes de NOW\u00ae Sports que nuestros productos incluyen la dosis diaria cient\u00edficamente comprobada de 3.2 a 6.4 g de CarnoSyn\u00ae en nuestras formulaciones (ya sea en un producto individual o como parte de una combinaci\u00f3n de suplementos). Elegimos utilizar CarnoSyn\u00ae para que nuestros clientes tengan la seguridad de que la beta-alanina en nuestros productos de nutrici\u00f3n deportiva es de la m\u00e1s alta calidad disponible.<\/p>\n<p><strong>Informed-Sport<\/strong><strong>\u00a0<\/strong>es un programa global de garant\u00eda de calidad para suplementos, gestionado por LGC, un laboratorio brit\u00e1nico de referencia en an\u00e1lisis antidopaje.<br \/>\nCuando un suplemento tiene el sello Informed-Sport, significa que:<\/p>\n<ul>\n<li>Ha sido probado rigurosamente para detectar sustancias prohibidas por la WADA (Agencia Mundial Antidopaje).<\/li>\n<li>Cada lote de producci\u00f3n ha sido analizado individualmente.<\/li>\n<li>El fabricante sigue buenas pr\u00e1cticas de manufactura.<\/li>\n<li>El producto est\u00e1 registrado en la base de datos de Informed-Sport, lo que permite verificar su estado en l\u00ednea.<\/li>\n<li>Ideal para: atletas profesionales, ol\u00edmpicos o cualquier persona sujeta a controles antidopaje.<\/li>\n<\/ul>\n<p><strong>Steroid Tested.<\/strong>\u00a0Esta etiqueta indica que el suplemento ha sido analizado espec\u00edficamente para detectar esteroides anab\u00f3licos u otras sustancias dopantes.<\/p>\n<p><strong>Certificaci\u00f3n GMP de Suplementos por Intertek<\/strong><br \/>\nNOW es auditada y certificada por Intertek por cumplir con los est\u00e1ndares de la Iniciativa de Seguridad y Cumplimiento de Suplementos (SSCI, por sus siglas en ingl\u00e9s), lo que garantiza uniformidad en la fabricaci\u00f3n de suplementos diet\u00e9ticos conforme con la normativa CFR 111 y demuestra mejoras continuas en los est\u00e1ndares de Buenas Pr\u00e1cticas de Manufactura (GMP).<\/p>\n","protected":false},"excerpt":{"rendered":"<p>Beta-Alanina es un amino\u00e1cido no esencial que es utilizado por las c\u00e9lulas musculares para sintetizar la carnosina.<\/p>\n<ul>\n<li>Apoya la resistencia muscular<\/li>\n<li>Retrasa la fatiga muscular<\/li>\n<li>Mejora el rendimiento en entrenamientos intermitentes<\/li>\n<\/ul>\n","protected":false},"featured_media":5598,"comment_status":"open","ping_status":"closed","template":"","meta":[],"product_brand":[491],"product_cat":[385],"product_tag":[566,502,500,501,520,503],"class_list":{"0":"post-5597","1":"product","2":"type-product","3":"status-publish","4":"has-post-thumbnail","6":"product_brand-sempiterno","7":"product_cat-deporte","8":"product_tag-deporte","9":"product_tag-heredia","10":"product_tag-macrobiotica","11":"product_tag-natural","12":"product_tag-natural-shop","13":"product_tag-san-pablo","15":"first","16":"instock","17":"shipping-taxable","18":"purchasable","19":"product-type-simple"},"jetpack_sharing_enabled":true,"_links":{"self":[{"href":"https:\/\/macronaturalsshop.com\/index.php?rest_route=\/wp\/v2\/product\/5597"}],"collection":[{"href":"https:\/\/macronaturalsshop.com\/index.php?rest_route=\/wp\/v2\/product"}],"about":[{"href":"https:\/\/macronaturalsshop.com\/index.php?rest_route=\/wp\/v2\/types\/product"}],"replies":[{"embeddable":true,"href":"https:\/\/macronaturalsshop.com\/index.php?rest_route=%2Fwp%2Fv2%2Fcomments&post=5597"}],"wp:featuredmedia":[{"embeddable":true,"href":"https:\/\/macronaturalsshop.com\/index.php?rest_route=\/wp\/v2\/media\/5598"}],"wp:attachment":[{"href":"https:\/\/macronaturalsshop.com\/index.php?rest_route=%2Fwp%2Fv2%2Fmedia&parent=5597"}],"wp:term":[{"taxonomy":"product_brand","embeddable":true,"href":"https:\/\/macronaturalsshop.com\/index.php?rest_route=%2Fwp%2Fv2%2Fproduct_brand&post=5597"},{"taxonomy":"product_cat","embeddable":true,"href":"https:\/\/macronaturalsshop.com\/index.php?rest_route=%2Fwp%2Fv2%2Fproduct_cat&post=5597"},{"taxonomy":"product_tag","embeddable":true,"href":"https:\/\/macronaturalsshop.com\/index.php?rest_route=%2Fwp%2Fv2%2Fproduct_tag&post=5597"}],"curies":[{"name":"wp","href":"https:\/\/api.w.org\/{rel}","templated":true}]}}