{"id":5602,"date":"2025-09-28T01:01:03","date_gmt":"2025-09-28T01:01:03","guid":{"rendered":"https:\/\/macronaturalsshop.com\/?post_type=product&#038;p=5602"},"modified":"2025-09-28T22:55:51","modified_gmt":"2025-09-28T22:55:51","slug":"amino-9-essentials","status":"publish","type":"product","link":"https:\/\/macronaturalsshop.com\/?product=amino-9-essentials","title":{"rendered":"Amino &#8211; 9 Essentials"},"content":{"rendered":"<ul>\n<li>Favorece el crecimiento muscular<\/li>\n<li>Contiene 9 amino\u00e1cidos esenciales que el cuerpo no produce<\/li>\n<li>Apoya la formaci\u00f3n de prote\u00ednas, necesarias para muchas funciones biol\u00f3gicas b\u00e1sica<\/li>\n<\/ul>\n<p>El cuerpo utiliza 20 amino\u00e1cidos para construir prote\u00ednas, pero hay nueve \u201camino\u00e1cidos esenciales\u201d que no pueden ser producidos por el cuerpo humano y deben ser suministrados a trav\u00e9s de la dieta para lograr la s\u00edntesis de prote\u00ednas adecuada y mantener la salud en general.<\/p>\n<p>Las personas con dietas limitadas o mala digesti\u00f3n pueden no obtener suficientes amino\u00e1cidos esenciales de su dieta.\u00a0 En contraste con las prote\u00ednas o los amino\u00e1cidos unidos a p\u00e9ptidos, NOW Sports Amino-9 Essentials tiene los 9 amino\u00e1cidos esenciales en su estado libre superior y en las proporciones recomendadas por la Academia Nacional de Ciencias (EE. UU) para optimizar la s\u00edntesis de prote\u00ednas y la reparaci\u00f3n de tejidos para adultos mayores de 19 a\u00f1os.<\/p>\n","protected":false},"excerpt":{"rendered":"<p>Los amino\u00e1cidos son las subunidades que componen las prote\u00ednas.\u00a0 Son necesarios para la funci\u00f3n de todas las c\u00e9lulas, para la reparaci\u00f3n de tejidos y para la producci\u00f3n de enzimas y neurotransmisores.<\/p>\n","protected":false},"featured_media":5603,"comment_status":"open","ping_status":"closed","template":"","meta":[],"product_brand":[491],"product_cat":[393,398],"product_tag":[502,500,561,501,520,503],"class_list":{"0":"post-5602","1":"product","2":"type-product","3":"status-publish","4":"has-post-thumbnail","6":"product_brand-sempiterno","7":"product_cat-energia","8":"product_cat-vit-y-min","9":"product_tag-heredia","10":"product_tag-macrobiotica","11":"product_tag-musculos","12":"product_tag-natural","13":"product_tag-natural-shop","14":"product_tag-san-pablo","16":"first","17":"instock","18":"shipping-taxable","19":"purchasable","20":"product-type-simple"},"jetpack_sharing_enabled":true,"_links":{"self":[{"href":"https:\/\/macronaturalsshop.com\/index.php?rest_route=\/wp\/v2\/product\/5602"}],"collection":[{"href":"https:\/\/macronaturalsshop.com\/index.php?rest_route=\/wp\/v2\/product"}],"about":[{"href":"https:\/\/macronaturalsshop.com\/index.php?rest_route=\/wp\/v2\/types\/product"}],"replies":[{"embeddable":true,"href":"https:\/\/macronaturalsshop.com\/index.php?rest_route=%2Fwp%2Fv2%2Fcomments&post=5602"}],"wp:featuredmedia":[{"embeddable":true,"href":"https:\/\/macronaturalsshop.com\/index.php?rest_route=\/wp\/v2\/media\/5603"}],"wp:attachment":[{"href":"https:\/\/macronaturalsshop.com\/index.php?rest_route=%2Fwp%2Fv2%2Fmedia&parent=5602"}],"wp:term":[{"taxonomy":"product_brand","embeddable":true,"href":"https:\/\/macronaturalsshop.com\/index.php?rest_route=%2Fwp%2Fv2%2Fproduct_brand&post=5602"},{"taxonomy":"product_cat","embeddable":true,"href":"https:\/\/macronaturalsshop.com\/index.php?rest_route=%2Fwp%2Fv2%2Fproduct_cat&post=5602"},{"taxonomy":"product_tag","embeddable":true,"href":"https:\/\/macronaturalsshop.com\/index.php?rest_route=%2Fwp%2Fv2%2Fproduct_tag&post=5602"}],"curies":[{"name":"wp","href":"https:\/\/api.w.org\/{rel}","templated":true}]}}